{"id":128,"date":"2025-04-12T11:52:14","date_gmt":"2025-04-12T09:52:14","guid":{"rendered":"https:\/\/yann-hadancourt.fr\/?post_type=product&#038;p=128"},"modified":"2025-04-12T11:52:14","modified_gmt":"2025-04-12T09:52:14","slug":"livre-sur-unity-3d","status":"publish","type":"product","link":"https:\/\/yann-hadancourt.fr\/index.php\/produit\/livre-sur-unity-3d\/","title":{"rendered":"Livre sur Unity 3D"},"content":{"rendered":"<p>Cr\u00e9er des jeux avec Unity c&rsquo;est comme cr\u00e9er des jeux il y a 30 ans : vous pouvez le faire seul, rapidement facilement et monter votre soci\u00e9t\u00e9 tout comme les patrons actuels qui \u00e9taient comme vous il y a quelques ann\u00e9es. Ce livre pour d\u00e9butant vous donnera de bonnes bases pour commencer \u00e0 cr\u00e9er un jeu.<\/p>\n<p>Dans ce livre vous apprendrez \u00e0 :<\/p>\n<ul>\n<li>Programmer \u00e0 partir de z\u00e9ro, pour le jeu vid\u00e9o (faire bouger des objets, contr\u00f4ler des personnages)<\/li>\n<li>Cr\u00e9er des objets (objets simples, ou plus complexes, des terrains)<\/li>\n<li>G\u00e9rer les cam\u00e9ras<\/li>\n<li>G\u00e9rer la physique (Poids des objets, vitesse)<\/li>\n<li>G\u00e9rer les particules (pour les effets sp\u00e9ciaux, feux d&rsquo;artifices etc&#8230;)<\/li>\n<li>Cr\u00e9er les menus<\/li>\n<li>G\u00e9rer les sauvegardes<\/li>\n<li>G\u00e9rer les p\u00e9riph\u00e9riques d&rsquo;entr\u00e9e (Claviers, souris etc&#8230;)<\/li>\n<li>Les assets (Se procurer des personnages, musiques ou niveau d\u00e9j\u00e0 cr\u00e9es pour vos jeux)<\/li>\n<\/ul>\n<p>Vous serez surpris de tout ce que vous pourrez accomplir avec ce livre.<\/p>\n","protected":false},"excerpt":{"rendered":"<p>Cr\u00e9er des jeux avec Unity c&rsquo;est comme cr\u00e9er des jeux il y a 30 ans : vous pouvez le faire seul, rapidement facilement et monter votre soci\u00e9t\u00e9 tout comme les patrons actuels qui \u00e9taient comme vous il y a quelques ann\u00e9es. Ce livre pour d\u00e9butant vous donnera de bonnes bases pour commencer \u00e0 cr\u00e9er un&hellip;&nbsp;<a href=\"https:\/\/yann-hadancourt.fr\/index.php\/produit\/livre-sur-unity-3d\/\" rel=\"bookmark\"><span class=\"screen-reader-text\">Livre sur Unity 3D<\/span><\/a><\/p>\n","protected":false},"featured_media":137,"comment_status":"open","ping_status":"closed","template":"","meta":{"neve_meta_sidebar":"","neve_meta_container":"","neve_meta_enable_content_width":"","neve_meta_content_width":0,"neve_meta_title_alignment":"","neve_meta_author_avatar":"","neve_post_elements_order":"","neve_meta_disable_header":"","neve_meta_disable_footer":"","neve_meta_disable_title":"","jetpack_publicize_message":"","jetpack_publicize_feature_enabled":true,"jetpack_social_post_already_shared":false,"jetpack_social_options":{"image_generator_settings":{"template":"highway","default_image_id":0,"font":"","enabled":false},"version":2}},"product_brand":[],"product_cat":[18],"product_tag":[],"class_list":{"0":"post-128","1":"product","2":"type-product","3":"status-publish","4":"has-post-thumbnail","6":"product_cat-non-classe","8":"first","9":"instock","10":"taxable","11":"shipping-taxable","12":"purchasable","13":"product-type-simple"},"jetpack_publicize_connections":[],"jetpack_sharing_enabled":true,"_links":{"self":[{"href":"https:\/\/yann-hadancourt.fr\/index.php\/wp-json\/wp\/v2\/product\/128","targetHints":{"allow":["GET"]}}],"collection":[{"href":"https:\/\/yann-hadancourt.fr\/index.php\/wp-json\/wp\/v2\/product"}],"about":[{"href":"https:\/\/yann-hadancourt.fr\/index.php\/wp-json\/wp\/v2\/types\/product"}],"replies":[{"embeddable":true,"href":"https:\/\/yann-hadancourt.fr\/index.php\/wp-json\/wp\/v2\/comments?post=128"}],"wp:featuredmedia":[{"embeddable":true,"href":"https:\/\/yann-hadancourt.fr\/index.php\/wp-json\/wp\/v2\/media\/137"}],"wp:attachment":[{"href":"https:\/\/yann-hadancourt.fr\/index.php\/wp-json\/wp\/v2\/media?parent=128"}],"wp:term":[{"taxonomy":"product_brand","embeddable":true,"href":"https:\/\/yann-hadancourt.fr\/index.php\/wp-json\/wp\/v2\/product_brand?post=128"},{"taxonomy":"product_cat","embeddable":true,"href":"https:\/\/yann-hadancourt.fr\/index.php\/wp-json\/wp\/v2\/product_cat?post=128"},{"taxonomy":"product_tag","embeddable":true,"href":"https:\/\/yann-hadancourt.fr\/index.php\/wp-json\/wp\/v2\/product_tag?post=128"}],"curies":[{"name":"wp","href":"https:\/\/api.w.org\/{rel}","templated":true}]}}