{"id":125,"date":"2025-04-10T14:50:54","date_gmt":"2025-04-10T12:50:54","guid":{"rendered":"https:\/\/yann-hadancourt.fr\/?post_type=product&#038;p=125"},"modified":"2025-04-10T15:01:13","modified_gmt":"2025-04-10T13:01:13","slug":"maitrisez-le-html-et-le-css-guide-complet-pour-debutants","status":"publish","type":"product","link":"https:\/\/yann-hadancourt.fr\/index.php\/produit\/maitrisez-le-html-et-le-css-guide-complet-pour-debutants\/","title":{"rendered":"Ma\u00eetrisez le HTML et le CSS : Guide Complet pour D\u00e9butants"},"content":{"rendered":"<p>Ce livre est con\u00e7u pour les d\u00e9butants qui souhaitent apprendre \u00e0 cr\u00e9er des sites web modernes et interactifs en utilisant HTML et CSS. Il offre une approche progressive et pratique pour ma\u00eetriser les bases du d\u00e9veloppement web.<\/p>\n<p><span class=\"a-text-bold\">Contenu :<\/span><\/p>\n<ol class=\"a-ordered-list a-vertical\">\n<li style=\"list-style-type: none;\">\n<ol class=\"a-ordered-list a-vertical\">\n<li><span class=\"a-text-bold\">Introduction au HTML et au CSS<\/span>\u00a0:\n<ul class=\"a-unordered-list a-vertical\">\n<li><span class=\"a-list-item\">Comprendre l\u2019importance du HTML et du CSS dans la cr\u00e9ation de sites web.<\/span><\/li>\n<li><span class=\"a-list-item\">Apprendre \u00e0 structurer une page web avec HTML.<\/span><\/li>\n<li><span class=\"a-list-item\">D\u00e9couvrir comment styliser et mettre en forme les \u00e9l\u00e9ments HTML avec CSS.<\/span><\/li>\n<\/ul>\n<\/li>\n<li><span class=\"a-text-bold\">Les Bases du HTML<\/span>\u00a0:\n<ul class=\"a-unordered-list a-vertical\">\n<li><span class=\"a-list-item\">Exploration des balises HTML essentielles.<\/span><\/li>\n<li><span class=\"a-list-item\">Cr\u00e9ation de liens, insertion d\u2019images et construction de listes.<\/span><\/li>\n<li><span class=\"a-list-item\">Utilisation des tableaux et des formulaires pour organiser et collecter des donn\u00e9es.<\/span><\/li>\n<\/ul>\n<\/li>\n<li><span class=\"a-text-bold\">Les Bases du CSS<\/span>\u00a0:\n<ul class=\"a-unordered-list a-vertical\">\n<li><span class=\"a-list-item\">Introduction aux s\u00e9lecteurs, propri\u00e9t\u00e9s et valeurs CSS.<\/span><\/li>\n<li><span class=\"a-list-item\">Techniques de mise en page avec Flexbox et Grid.<\/span><\/li>\n<li><span class=\"a-list-item\">Cr\u00e9ation de designs r\u00e9actifs pour diff\u00e9rents appareils.<\/span><\/li>\n<\/ul>\n<\/li>\n<li><span class=\"a-text-bold\">Projets Pratiques<\/span>\u00a0:\n<ul class=\"a-unordered-list a-vertical\">\n<li><span class=\"a-list-item\">Mise en pratique des connaissances acquises \u00e0 travers des projets concrets.<\/span><\/li>\n<li><span class=\"a-list-item\">Cr\u00e9ation d\u2019une page de portfolio, d\u2019un blog personnel et d\u2019un site de commerce \u00e9lectronique.<\/span><\/li>\n<\/ul>\n<\/li>\n<li><span class=\"a-text-bold\">Ressources et Outils<\/span>\u00a0:\n<ul class=\"a-unordered-list a-vertical\">\n<li><span class=\"a-list-item\">Liste des ressources en ligne pour approfondir les connaissances.<\/span><\/li>\n<li><span class=\"a-list-item\">Introduction aux outils de d\u00e9veloppement web comme les \u00e9diteurs de code et les inspecteurs de navigateur.<\/span><\/li>\n<\/ul>\n<\/li>\n<\/ol>\n<\/li>\n<\/ol>\n<p><span class=\"a-text-bold\">Objectif :<\/span><\/p>\n<p>\u00c0 la fin de ce livre, les lecteurs seront capables de cr\u00e9er des sites web attrayants et fonctionnels, tout en ayant une compr\u00e9hension solide des principes fondamentaux du HTML et du CSS.<\/p>\n","protected":false},"excerpt":{"rendered":"<p>Ce livre est con\u00e7u pour les d\u00e9butants qui souhaitent apprendre \u00e0 cr\u00e9er des sites web modernes et interactifs en utilisant HTML et CSS. Il offre une approche progressive et pratique pour ma\u00eetriser les bases du d\u00e9veloppement web. Contenu : Introduction au HTML et au CSS\u00a0: Comprendre l\u2019importance du HTML et du CSS dans la cr\u00e9ation&hellip;&nbsp;<a href=\"https:\/\/yann-hadancourt.fr\/index.php\/produit\/maitrisez-le-html-et-le-css-guide-complet-pour-debutants\/\" rel=\"bookmark\"><span class=\"screen-reader-text\">Ma\u00eetrisez le HTML et le CSS : Guide Complet pour D\u00e9butants<\/span><\/a><\/p>\n","protected":false},"featured_media":126,"comment_status":"open","ping_status":"closed","template":"","meta":{"neve_meta_sidebar":"","neve_meta_container":"","neve_meta_enable_content_width":"","neve_meta_content_width":0,"neve_meta_title_alignment":"","neve_meta_author_avatar":"","neve_post_elements_order":"","neve_meta_disable_header":"","neve_meta_disable_footer":"","neve_meta_disable_title":"","jetpack_publicize_message":"","jetpack_publicize_feature_enabled":true,"jetpack_social_post_already_shared":false,"jetpack_social_options":{"image_generator_settings":{"template":"highway","default_image_id":0,"font":"","enabled":false},"version":2}},"product_brand":[],"product_cat":[18],"product_tag":[],"class_list":{"0":"post-125","1":"product","2":"type-product","3":"status-publish","4":"has-post-thumbnail","6":"product_cat-non-classe","8":"first","9":"instock","10":"sale","11":"downloadable","12":"virtual","13":"taxable","14":"purchasable","15":"product-type-simple"},"jetpack_publicize_connections":[],"jetpack_sharing_enabled":true,"_links":{"self":[{"href":"https:\/\/yann-hadancourt.fr\/index.php\/wp-json\/wp\/v2\/product\/125","targetHints":{"allow":["GET"]}}],"collection":[{"href":"https:\/\/yann-hadancourt.fr\/index.php\/wp-json\/wp\/v2\/product"}],"about":[{"href":"https:\/\/yann-hadancourt.fr\/index.php\/wp-json\/wp\/v2\/types\/product"}],"replies":[{"embeddable":true,"href":"https:\/\/yann-hadancourt.fr\/index.php\/wp-json\/wp\/v2\/comments?post=125"}],"wp:featuredmedia":[{"embeddable":true,"href":"https:\/\/yann-hadancourt.fr\/index.php\/wp-json\/wp\/v2\/media\/126"}],"wp:attachment":[{"href":"https:\/\/yann-hadancourt.fr\/index.php\/wp-json\/wp\/v2\/media?parent=125"}],"wp:term":[{"taxonomy":"product_brand","embeddable":true,"href":"https:\/\/yann-hadancourt.fr\/index.php\/wp-json\/wp\/v2\/product_brand?post=125"},{"taxonomy":"product_cat","embeddable":true,"href":"https:\/\/yann-hadancourt.fr\/index.php\/wp-json\/wp\/v2\/product_cat?post=125"},{"taxonomy":"product_tag","embeddable":true,"href":"https:\/\/yann-hadancourt.fr\/index.php\/wp-json\/wp\/v2\/product_tag?post=125"}],"curies":[{"name":"wp","href":"https:\/\/api.w.org\/{rel}","templated":true}]}}