{"id":119,"date":"2025-08-02T18:28:30","date_gmt":"2025-08-02T16:28:30","guid":{"rendered":"https:\/\/yann-hadancourt.fr\/?post_type=product&#038;p=119"},"modified":"2025-08-02T18:42:36","modified_gmt":"2025-08-02T16:42:36","slug":"les-sinistres-secrets-dun-village-englouti","status":"publish","type":"product","link":"https:\/\/yann-hadancourt.fr\/index.php\/produit\/les-sinistres-secrets-dun-village-englouti\/","title":{"rendered":"Les myst\u00e8res cach\u00e9s d&rsquo;un village oubli\u00e9"},"content":{"rendered":"<p>Les myst\u00e8res cach\u00e9s d&rsquo;un village oubli\u00e9<\/p>\n<p>Plongez dans une aventure \u00e9pique avec\u00a0<span class=\"a-text-bold\">\u201cLes myst\u00e8res cach\u00e9s d&rsquo;un village oubli\u00e9\u201d<\/span>. Suivez L\u00e9on, Marguerite, \u00c9tienne, \u00c9lise, Claire, Aya et Jill Vengeance dans leur qu\u00eate pour d\u00e9couvrir les myst\u00e8res enfouis d\u2019un village oubli\u00e9. Entre disparitions myst\u00e9rieuses, parchemins anciens, et proph\u00e9ties de lumi\u00e8re, chaque chapitre vous tiendra en haleine.<\/p>\n<p><span class=\"a-text-bold\">R\u00e9sum\u00e9 :<\/span> Dans la vieille ville de Veslois City, des disparitions myst\u00e9rieuses plongent la communaut\u00e9 dans la peur. L\u00e9on Dubois, un d\u00e9tective au regard per\u00e7ant, est appel\u00e9 pour enqu\u00eater. Ce qu\u2019il d\u00e9couvre va bien au-del\u00e0 de l\u2019imaginable : un tr\u00e9sor cach\u00e9, des \u00e9preuves magiques, et une cl\u00e9 de la connaissance qui pourrait changer le destin du monde. Avec ses compagnons, il devra affronter des ennemis redoutables et d\u00e9chiffrer des \u00e9nigmes anciennes pour r\u00e9tablir l\u2019\u00e9quilibre entre la lumi\u00e8re et l\u2019ombre.<\/p>\n<p><span class=\"a-text-bold\">Points forts :<\/span><\/p>\n<ul class=\"a-unordered-list a-vertical\">\n<li><span class=\"a-list-item\">Une intrigue captivante remplie de myst\u00e8res et de rebondissements.<\/span><\/li>\n<li><span class=\"a-list-item\">Des personnages attachants et courageux.<\/span><\/li>\n<li><span class=\"a-list-item\">Des descriptions immersives qui vous transportent dans un monde fantastique.<\/span><\/li>\n<li><span class=\"a-list-item\">Un m\u00e9lange parfait de suspense, d\u2019aventure et de magie.<\/span><\/li>\n<\/ul>\n<p><span class=\"a-text-bold\">Pourquoi lire ce livre ?<\/span>\u00a0Si vous aimez les histoires de myst\u00e8res, de tr\u00e9sors cach\u00e9s et de qu\u00eates \u00e9piques, ce livre est fait pour vous. Chaque page est une invitation \u00e0 explorer un monde o\u00f9 la lumi\u00e8re et l\u2019ombre s\u2019affrontent, et o\u00f9 le courage et la sagesse sont les cl\u00e9s de la victoire.<\/p>\n","protected":false},"excerpt":{"rendered":"<p>Les myst\u00e8res cach\u00e9s d&rsquo;un village oubli\u00e9 Plongez dans une aventure \u00e9pique avec\u00a0\u201cLes myst\u00e8res cach\u00e9s d&rsquo;un village oubli\u00e9\u201d. Suivez L\u00e9on, Marguerite, \u00c9tienne, \u00c9lise, Claire, Aya et Jill Vengeance dans leur qu\u00eate pour d\u00e9couvrir les myst\u00e8res enfouis d\u2019un village oubli\u00e9. Entre disparitions myst\u00e9rieuses, parchemins anciens, et proph\u00e9ties de lumi\u00e8re, chaque chapitre vous tiendra en haleine. R\u00e9sum\u00e9 :&hellip;&nbsp;<a href=\"https:\/\/yann-hadancourt.fr\/index.php\/produit\/les-sinistres-secrets-dun-village-englouti\/\" rel=\"bookmark\"><span class=\"screen-reader-text\">Les myst\u00e8res cach\u00e9s d&rsquo;un village oubli\u00e9<\/span><\/a><\/p>\n","protected":false},"featured_media":293,"comment_status":"open","ping_status":"closed","template":"","meta":{"neve_meta_sidebar":"","neve_meta_container":"","neve_meta_enable_content_width":"off","neve_meta_content_width":100,"neve_meta_title_alignment":"","neve_meta_author_avatar":"","neve_post_elements_order":"","neve_meta_disable_header":"","neve_meta_disable_footer":"","neve_meta_disable_title":"","jetpack_publicize_message":"","jetpack_publicize_feature_enabled":true,"jetpack_social_post_already_shared":true,"jetpack_social_options":{"image_generator_settings":{"template":"highway","default_image_id":0,"font":"","enabled":false},"version":2}},"product_brand":[],"product_cat":[18],"product_tag":[],"class_list":{"0":"post-119","1":"product","2":"type-product","3":"status-publish","4":"has-post-thumbnail","6":"product_cat-non-classe","8":"first","9":"outofstock","10":"downloadable","11":"taxable","12":"shipping-taxable","13":"purchasable","14":"product-type-simple"},"jetpack_publicize_connections":[],"jetpack_sharing_enabled":true,"_links":{"self":[{"href":"https:\/\/yann-hadancourt.fr\/index.php\/wp-json\/wp\/v2\/product\/119","targetHints":{"allow":["GET"]}}],"collection":[{"href":"https:\/\/yann-hadancourt.fr\/index.php\/wp-json\/wp\/v2\/product"}],"about":[{"href":"https:\/\/yann-hadancourt.fr\/index.php\/wp-json\/wp\/v2\/types\/product"}],"replies":[{"embeddable":true,"href":"https:\/\/yann-hadancourt.fr\/index.php\/wp-json\/wp\/v2\/comments?post=119"}],"wp:featuredmedia":[{"embeddable":true,"href":"https:\/\/yann-hadancourt.fr\/index.php\/wp-json\/wp\/v2\/media\/293"}],"wp:attachment":[{"href":"https:\/\/yann-hadancourt.fr\/index.php\/wp-json\/wp\/v2\/media?parent=119"}],"wp:term":[{"taxonomy":"product_brand","embeddable":true,"href":"https:\/\/yann-hadancourt.fr\/index.php\/wp-json\/wp\/v2\/product_brand?post=119"},{"taxonomy":"product_cat","embeddable":true,"href":"https:\/\/yann-hadancourt.fr\/index.php\/wp-json\/wp\/v2\/product_cat?post=119"},{"taxonomy":"product_tag","embeddable":true,"href":"https:\/\/yann-hadancourt.fr\/index.php\/wp-json\/wp\/v2\/product_tag?post=119"}],"curies":[{"name":"wp","href":"https:\/\/api.w.org\/{rel}","templated":true}]}}