{"id":117,"date":"2025-04-10T11:52:17","date_gmt":"2025-04-10T09:52:17","guid":{"rendered":"https:\/\/yann-hadancourt.fr\/?post_type=product&#038;p=117"},"modified":"2025-12-16T09:41:31","modified_gmt":"2025-12-16T08:41:31","slug":"lombre-de-la-chrysalide","status":"publish","type":"product","link":"https:\/\/yann-hadancourt.fr\/index.php\/produit\/lombre-de-la-chrysalide\/","title":{"rendered":"L&rsquo;ombre de la chrysalide"},"content":{"rendered":"<p><span class=\"a-text-bold\">D\u00e9couvrez le premier chapitre de\u00a0<\/span><span class=\"a-text-bold a-text-italic\">L&rsquo;ombre de la chrysalide<\/span><span class=\"a-text-bold\">. Plongez-vous dans l\u2019univers sombre et myst\u00e9rieux de Ricell City, o\u00f9 une nouvelle menace \u00e9merge des ombres apr\u00e8s des ann\u00e9es de recherche sur une chrysalide dans un abri hautement s\u00e9curis\u00e9. Un accident lib\u00e8re des fluides corporels contamin\u00e9s, entra\u00eenant des mutations inqui\u00e9tantes dans la nature environnante.<\/span><\/p>\n<p><span class=\"a-text-bold\">Les habitants de Ricell City font face \u00e0 des disparitions myst\u00e9rieuses et \u00e0 des manifestations inqui\u00e9tantes de champignons et moisissures, poussant les autorit\u00e9s \u00e0 mettre en place une quarantaine stricte. Le docteur Claire Dubois, profond\u00e9ment impliqu\u00e9e dans les recherches, se sent coupable du d\u00e9sastre et donne l\u2019ordre d\u2019\u00e9vacuer la ville, tandis que le capitaine Marc Lef\u00e8vre doit mener les op\u00e9rations de sauvetage.<\/span><\/p>\n<p><span class=\"a-text-bold\">Cependant, l&rsquo;infection se propage de mani\u00e8re incontr\u00f4lable, transformant les habitants en infect\u00e9s et plongeant la ville dans le chaos. Un groupe de jeunes \u00e9tudiants se retrouve pi\u00e9g\u00e9 dans leur lyc\u00e9e, confront\u00e9 \u00e0 des horreurs indicibles. Au c\u0153ur de ce cauchemar, des questions pressantes \u00e9mergent : quelle est l\u2019origine de la chrysalide, et quel est le v\u00e9ritable but des recherches scientifiques?<\/span><\/p>\n<p><span class=\"a-text-bold\">L&rsquo;ombre de la chrysalide<\/span>\u00a0vous promet une intrigue riche en suspense et en myst\u00e8res, o\u00f9 chaque d\u00e9cision peut mener \u00e0 la survie ou \u00e0 la perte.<\/p>\n","protected":false},"excerpt":{"rendered":"<p>D\u00e9couvrez le premier chapitre de\u00a0L&rsquo;ombre de la chrysalide. Plongez-vous dans l\u2019univers sombre et myst\u00e9rieux de Ricell City, o\u00f9 une nouvelle menace \u00e9merge des ombres apr\u00e8s des ann\u00e9es de recherche sur une chrysalide dans un abri hautement s\u00e9curis\u00e9. Un accident lib\u00e8re des fluides corporels contamin\u00e9s, entra\u00eenant des mutations inqui\u00e9tantes dans la nature environnante. Les habitants de&hellip;&nbsp;<a href=\"https:\/\/yann-hadancourt.fr\/index.php\/produit\/lombre-de-la-chrysalide\/\" rel=\"bookmark\"><span class=\"screen-reader-text\">L&rsquo;ombre de la chrysalide<\/span><\/a><\/p>\n","protected":false},"featured_media":233,"comment_status":"open","ping_status":"closed","template":"","meta":{"neve_meta_sidebar":"","neve_meta_container":"","neve_meta_enable_content_width":"off","neve_meta_content_width":100,"neve_meta_title_alignment":"","neve_meta_author_avatar":"","neve_post_elements_order":"","neve_meta_disable_header":"","neve_meta_disable_footer":"","neve_meta_disable_title":"","jetpack_publicize_message":"","jetpack_publicize_feature_enabled":true,"jetpack_social_post_already_shared":false,"jetpack_social_options":{"image_generator_settings":{"template":"highway","default_image_id":0,"font":"","enabled":false},"version":2}},"product_brand":[],"product_cat":[18],"product_tag":[],"class_list":{"0":"post-117","1":"product","2":"type-product","3":"status-publish","4":"has-post-thumbnail","6":"product_cat-non-classe","8":"first","9":"outofstock","10":"downloadable","11":"shipping-taxable","12":"purchasable","13":"product-type-simple"},"jetpack_publicize_connections":[],"jetpack_sharing_enabled":true,"_links":{"self":[{"href":"https:\/\/yann-hadancourt.fr\/index.php\/wp-json\/wp\/v2\/product\/117","targetHints":{"allow":["GET"]}}],"collection":[{"href":"https:\/\/yann-hadancourt.fr\/index.php\/wp-json\/wp\/v2\/product"}],"about":[{"href":"https:\/\/yann-hadancourt.fr\/index.php\/wp-json\/wp\/v2\/types\/product"}],"replies":[{"embeddable":true,"href":"https:\/\/yann-hadancourt.fr\/index.php\/wp-json\/wp\/v2\/comments?post=117"}],"wp:featuredmedia":[{"embeddable":true,"href":"https:\/\/yann-hadancourt.fr\/index.php\/wp-json\/wp\/v2\/media\/233"}],"wp:attachment":[{"href":"https:\/\/yann-hadancourt.fr\/index.php\/wp-json\/wp\/v2\/media?parent=117"}],"wp:term":[{"taxonomy":"product_brand","embeddable":true,"href":"https:\/\/yann-hadancourt.fr\/index.php\/wp-json\/wp\/v2\/product_brand?post=117"},{"taxonomy":"product_cat","embeddable":true,"href":"https:\/\/yann-hadancourt.fr\/index.php\/wp-json\/wp\/v2\/product_cat?post=117"},{"taxonomy":"product_tag","embeddable":true,"href":"https:\/\/yann-hadancourt.fr\/index.php\/wp-json\/wp\/v2\/product_tag?post=117"}],"curies":[{"name":"wp","href":"https:\/\/api.w.org\/{rel}","templated":true}]}}