{"id":113,"date":"2025-08-02T18:30:17","date_gmt":"2025-08-02T16:30:17","guid":{"rendered":"https:\/\/yann-hadancourt.fr\/?post_type=product&#038;p=113"},"modified":"2025-09-08T09:39:32","modified_gmt":"2025-09-08T07:39:32","slug":"les-mysteres-caches-dalicia-baker","status":"publish","type":"product","link":"https:\/\/yann-hadancourt.fr\/index.php\/produit\/les-mysteres-caches-dalicia-baker\/","title":{"rendered":"Les myst\u00e8res cach\u00e9s d&rsquo;Alicia Baker"},"content":{"rendered":"<p><img data-recalc-dims=\"1\" loading=\"lazy\" decoding=\"async\" class=\"alignnone size-medium wp-image-300\" src=\"https:\/\/i0.wp.com\/yann-hadancourt.fr\/wp-content\/uploads\/2025\/05\/11250.jpg.webp?resize=208%2C300&#038;ssl=1\" alt=\"\" width=\"208\" height=\"300\" srcset=\"https:\/\/i0.wp.com\/yann-hadancourt.fr\/wp-content\/uploads\/2025\/05\/11250.jpg.webp?resize=208%2C300&amp;ssl=1 208w, https:\/\/i0.wp.com\/yann-hadancourt.fr\/wp-content\/uploads\/2025\/05\/11250.jpg.webp?resize=300%2C432&amp;ssl=1 300w, https:\/\/i0.wp.com\/yann-hadancourt.fr\/wp-content\/uploads\/2025\/05\/11250.jpg.webp?w=396&amp;ssl=1 396w\" sizes=\"auto, (max-width: 208px) 100vw, 208px\" \/><\/p>\n<p><img data-recalc-dims=\"1\" loading=\"lazy\" decoding=\"async\" class=\"alignnone size-medium wp-image-335\" src=\"https:\/\/i0.wp.com\/yann-hadancourt.fr\/wp-content\/uploads\/2025\/08\/Autres-visuels-Les-mysteres-caches-dAlicia-Baker.png?resize=300%2C300&#038;ssl=1\" alt=\"\" width=\"300\" height=\"300\" srcset=\"https:\/\/i0.wp.com\/yann-hadancourt.fr\/wp-content\/uploads\/2025\/08\/Autres-visuels-Les-mysteres-caches-dAlicia-Baker.png?resize=300%2C300&amp;ssl=1 300w, https:\/\/i0.wp.com\/yann-hadancourt.fr\/wp-content\/uploads\/2025\/08\/Autres-visuels-Les-mysteres-caches-dAlicia-Baker.png?resize=1024%2C1024&amp;ssl=1 1024w, https:\/\/i0.wp.com\/yann-hadancourt.fr\/wp-content\/uploads\/2025\/08\/Autres-visuels-Les-mysteres-caches-dAlicia-Baker.png?resize=150%2C150&amp;ssl=1 150w, https:\/\/i0.wp.com\/yann-hadancourt.fr\/wp-content\/uploads\/2025\/08\/Autres-visuels-Les-mysteres-caches-dAlicia-Baker.png?resize=768%2C768&amp;ssl=1 768w, https:\/\/i0.wp.com\/yann-hadancourt.fr\/wp-content\/uploads\/2025\/08\/Autres-visuels-Les-mysteres-caches-dAlicia-Baker.png?resize=400%2C400&amp;ssl=1 400w, https:\/\/i0.wp.com\/yann-hadancourt.fr\/wp-content\/uploads\/2025\/08\/Autres-visuels-Les-mysteres-caches-dAlicia-Baker.png?resize=100%2C100&amp;ssl=1 100w, https:\/\/i0.wp.com\/yann-hadancourt.fr\/wp-content\/uploads\/2025\/08\/Autres-visuels-Les-mysteres-caches-dAlicia-Baker.png?w=1080&amp;ssl=1 1080w\" sizes=\"auto, (max-width: 300px) 100vw, 300px\" \/><\/p>\n<p>Livre | VF version fran\u00e7aise | <strong>E<em><span class=\"single_livre_tag\">nqu\u00eate,<\/span> I<span class=\"single_livre_tag\">ntense,<\/span> M<span class=\"single_livre_tag\">yst\u00e9rieux,<\/span> S<span class=\"single_livre_tag\">cientifique,<\/span> S<span class=\"single_livre_tag\">urnaturel<\/span><\/em><\/strong><\/p>\n<p>&nbsp;<\/p>\n<p class=\"cvGsUA direction-ltr align-justify para-style-body\"><span class=\"OYPEnA font-feature-liga-off font-feature-clig-off font-feature-calt-off text-decoration-none text-strikethrough-none\">Dans une ville o\u00f9 la r\u00e9alit\u00e9 vacille et l\u2019inconnu s\u2019insinue, Alicia Baker voit sa vie basculer. Involontairement m\u00eal\u00e9e \u00e0 des ph\u00e9nom\u00e8nes aussi troublants qu\u2019inexpliqu\u00e9s, elle s\u2019engage, aux c\u00f4t\u00e9s de Lucie, Victor et Roberto, dans une qu\u00eate dont les r\u00e9v\u00e9lations pourraient tout bouleverser.<\/span><\/p>\n<p class=\"cvGsUA direction-ltr align-justify para-style-body\"><span class=\"OYPEnA font-feature-liga-off font-feature-clig-off font-feature-calt-off text-decoration-none text-strikethrough-none\">Les myst\u00e8res cach\u00e9s d\u2019Alicia Baker<\/span><span class=\"OYPEnA font-feature-liga-off font-feature-clig-off font-feature-calt-off text-decoration-none text-strikethrough-none\">\u00a0l\u00e8ve le voile sur un pass\u00e9 enfoui, exhume des v\u00e9rit\u00e9s insoup\u00e7onn\u00e9es\u2026 et d\u00e9voile une menace tapie dans l\u2019ombre.<\/span><\/p>\n<p>&nbsp;<\/p>\n<p>&nbsp;<\/p>\n","protected":false},"excerpt":{"rendered":"<p>Livre | VF version fran\u00e7aise | Enqu\u00eate, Intense, Myst\u00e9rieux, Scientifique, Surnaturel &nbsp; Dans une ville o\u00f9 la r\u00e9alit\u00e9 vacille et l\u2019inconnu s\u2019insinue, Alicia Baker voit sa vie basculer. Involontairement m\u00eal\u00e9e \u00e0 des ph\u00e9nom\u00e8nes aussi troublants qu\u2019inexpliqu\u00e9s, elle s\u2019engage, aux c\u00f4t\u00e9s de Lucie, Victor et Roberto, dans une qu\u00eate dont les r\u00e9v\u00e9lations pourraient tout bouleverser. Les&hellip;&nbsp;<a href=\"https:\/\/yann-hadancourt.fr\/index.php\/produit\/les-mysteres-caches-dalicia-baker\/\" rel=\"bookmark\"><span class=\"screen-reader-text\">Les myst\u00e8res cach\u00e9s d&rsquo;Alicia Baker<\/span><\/a><\/p>\n","protected":false},"featured_media":277,"comment_status":"open","ping_status":"closed","template":"","meta":{"neve_meta_sidebar":"","neve_meta_container":"","neve_meta_enable_content_width":"off","neve_meta_content_width":100,"neve_meta_title_alignment":"","neve_meta_author_avatar":"","neve_post_elements_order":"","neve_meta_disable_header":"","neve_meta_disable_footer":"","neve_meta_disable_title":"","jetpack_publicize_message":"","jetpack_publicize_feature_enabled":true,"jetpack_social_post_already_shared":true,"jetpack_social_options":{"image_generator_settings":{"template":"highway","default_image_id":0,"font":"","enabled":false},"version":2}},"product_brand":[],"product_cat":[18],"product_tag":[],"class_list":{"0":"post-113","1":"product","2":"type-product","3":"status-publish","4":"has-post-thumbnail","6":"product_cat-non-classe","8":"first","9":"instock","10":"featured","11":"purchasable","12":"product-type-simple"},"jetpack_publicize_connections":[],"jetpack_sharing_enabled":true,"_links":{"self":[{"href":"https:\/\/yann-hadancourt.fr\/index.php\/wp-json\/wp\/v2\/product\/113","targetHints":{"allow":["GET"]}}],"collection":[{"href":"https:\/\/yann-hadancourt.fr\/index.php\/wp-json\/wp\/v2\/product"}],"about":[{"href":"https:\/\/yann-hadancourt.fr\/index.php\/wp-json\/wp\/v2\/types\/product"}],"replies":[{"embeddable":true,"href":"https:\/\/yann-hadancourt.fr\/index.php\/wp-json\/wp\/v2\/comments?post=113"}],"wp:featuredmedia":[{"embeddable":true,"href":"https:\/\/yann-hadancourt.fr\/index.php\/wp-json\/wp\/v2\/media\/277"}],"wp:attachment":[{"href":"https:\/\/yann-hadancourt.fr\/index.php\/wp-json\/wp\/v2\/media?parent=113"}],"wp:term":[{"taxonomy":"product_brand","embeddable":true,"href":"https:\/\/yann-hadancourt.fr\/index.php\/wp-json\/wp\/v2\/product_brand?post=113"},{"taxonomy":"product_cat","embeddable":true,"href":"https:\/\/yann-hadancourt.fr\/index.php\/wp-json\/wp\/v2\/product_cat?post=113"},{"taxonomy":"product_tag","embeddable":true,"href":"https:\/\/yann-hadancourt.fr\/index.php\/wp-json\/wp\/v2\/product_tag?post=113"}],"curies":[{"name":"wp","href":"https:\/\/api.w.org\/{rel}","templated":true}]}}