{"id":111,"date":"2025-08-02T22:26:07","date_gmt":"2025-08-02T20:26:07","guid":{"rendered":"https:\/\/yann-hadancourt.fr\/?post_type=product&#038;p=111"},"modified":"2025-12-16T09:34:33","modified_gmt":"2025-12-16T08:34:33","slug":"un-voyage-de-fortune","status":"publish","type":"product","link":"https:\/\/yann-hadancourt.fr\/index.php\/produit\/un-voyage-de-fortune\/","title":{"rendered":"Les myst\u00e8res cach\u00e9s d&rsquo;un voyage de fortune"},"content":{"rendered":"<p style=\"text-align: left;\">Les racines d\u2019un silence<br \/>\nL\u00e9andre Destin\u00e9e croyait n\u2019\u00eatre qu\u2019un h\u00e9ritier du sel et du silence. Mais un carnet abandonn\u00e9 dans les plis du port d\u00e9chir\u00e9 va pulv\u00e9riser cette illusion. \u00c0 mesure que les mots d\u2019Alicia Baker se r\u00e9v\u00e8lent, il comprend que la ville l\u2019a choisi\u2026 pour entendre ce que personne n\u2019osait dire.<br \/>\nQuand Anne Baker, gardienne de brumes et d\u2019ombres anciennes, lui murmure que \u201ccette femme\u2026 c\u2019est ta m\u00e8re\u201d, L\u00e9andre vacille.<br \/>\nAlicia \u2014 celle qui \u00e9crit pour se taire.<br \/>\nAlicia \u2014 celle qui a fui Stones City, mais dont les spores de m\u00e9moire se propagent encore dans les murs.<br \/>\nAlicia \u2014 celle dont le nom n\u2019a jamais \u00e9t\u00e9 prononc\u00e9 \u00e0 voix haute.<br \/>\nCe n\u2019est pas une simple d\u00e9couverte. C\u2019est le point de bascule entre deux mondes : celui que l\u2019on croit conna\u00eetre, et celui que la m\u00e9moire a camoufl\u00e9. Et dans cette faille, L\u00e9andre d\u00e9couvre qu\u2019il est \u00e0 la fois t\u00e9moin, messager, et victime d\u2019une v\u00e9rit\u00e9 contamin\u00e9e.<\/p>\n","protected":false},"excerpt":{"rendered":"<p>Les racines d\u2019un silence L\u00e9andre Destin\u00e9e croyait n\u2019\u00eatre qu\u2019un h\u00e9ritier du sel et du silence. Mais un carnet abandonn\u00e9 dans les plis du port d\u00e9chir\u00e9 va pulv\u00e9riser cette illusion. \u00c0 mesure que les mots d\u2019Alicia Baker se r\u00e9v\u00e8lent, il comprend que la ville l\u2019a choisi\u2026 pour entendre ce que personne n\u2019osait dire. Quand Anne Baker,&hellip;&nbsp;<a href=\"https:\/\/yann-hadancourt.fr\/index.php\/produit\/un-voyage-de-fortune\/\" rel=\"bookmark\"><span class=\"screen-reader-text\">Les myst\u00e8res cach\u00e9s d&rsquo;un voyage de fortune<\/span><\/a><\/p>\n","protected":false},"featured_media":298,"comment_status":"open","ping_status":"closed","template":"","meta":{"neve_meta_sidebar":"","neve_meta_container":"","neve_meta_enable_content_width":"off","neve_meta_content_width":100,"neve_meta_title_alignment":"","neve_meta_author_avatar":"","neve_post_elements_order":"","neve_meta_disable_header":"","neve_meta_disable_footer":"","neve_meta_disable_title":"","jetpack_publicize_message":"","jetpack_publicize_feature_enabled":true,"jetpack_social_post_already_shared":false,"jetpack_social_options":{"image_generator_settings":{"template":"highway","default_image_id":0,"font":"","enabled":false},"version":2}},"product_brand":[],"product_cat":[18],"product_tag":[],"class_list":{"0":"post-111","1":"product","2":"type-product","3":"status-publish","4":"has-post-thumbnail","6":"product_cat-non-classe","8":"first","9":"outofstock","10":"downloadable","11":"shipping-taxable","12":"purchasable","13":"product-type-simple"},"jetpack_publicize_connections":[],"jetpack_sharing_enabled":true,"_links":{"self":[{"href":"https:\/\/yann-hadancourt.fr\/index.php\/wp-json\/wp\/v2\/product\/111","targetHints":{"allow":["GET"]}}],"collection":[{"href":"https:\/\/yann-hadancourt.fr\/index.php\/wp-json\/wp\/v2\/product"}],"about":[{"href":"https:\/\/yann-hadancourt.fr\/index.php\/wp-json\/wp\/v2\/types\/product"}],"replies":[{"embeddable":true,"href":"https:\/\/yann-hadancourt.fr\/index.php\/wp-json\/wp\/v2\/comments?post=111"}],"wp:featuredmedia":[{"embeddable":true,"href":"https:\/\/yann-hadancourt.fr\/index.php\/wp-json\/wp\/v2\/media\/298"}],"wp:attachment":[{"href":"https:\/\/yann-hadancourt.fr\/index.php\/wp-json\/wp\/v2\/media?parent=111"}],"wp:term":[{"taxonomy":"product_brand","embeddable":true,"href":"https:\/\/yann-hadancourt.fr\/index.php\/wp-json\/wp\/v2\/product_brand?post=111"},{"taxonomy":"product_cat","embeddable":true,"href":"https:\/\/yann-hadancourt.fr\/index.php\/wp-json\/wp\/v2\/product_cat?post=111"},{"taxonomy":"product_tag","embeddable":true,"href":"https:\/\/yann-hadancourt.fr\/index.php\/wp-json\/wp\/v2\/product_tag?post=111"}],"curies":[{"name":"wp","href":"https:\/\/api.w.org\/{rel}","templated":true}]}}