{"id":342,"date":"2025-09-16T18:25:23","date_gmt":"2025-09-16T16:25:23","guid":{"rendered":"https:\/\/yann-hadancourt.fr\/?page_id=342"},"modified":"2025-09-16T18:25:23","modified_gmt":"2025-09-16T16:25:23","slug":"mentions-legales","status":"publish","type":"page","link":"https:\/\/yann-hadancourt.fr\/index.php\/mentions-legales\/","title":{"rendered":"Mentions l\u00e9gales"},"content":{"rendered":"\n<p>Conform\u00e9ment aux dispositions des articles 6-III et 19 de la Loi n\u00b02004-575 du 21 juin 2004 pour la Confiance dans l\u2019\u00c9conomie Num\u00e9rique (LCEN), il est port\u00e9 \u00e0 la connaissance des utilisateurs du site [Nom du site] les pr\u00e9sentes mentions l\u00e9gales.<\/p>\n\n\n\n<p>1. <strong>\u00c9diteur du site<\/strong><\/p>\n\n\n\n<p><strong>Nom<\/strong> : Yann Hadancourt<br><strong>Statut<\/strong> : Auteur \u2013 \u00c9diteur ind\u00e9pendant<br><strong>Adresse<\/strong> : 3 rue de l&rsquo;\u00e9glise 27870 Vesly<br><strong>Email<\/strong> : hadancourt.yann@bbox.fr<br><strong>Num\u00e9ro SIRET<\/strong> : 524 494 770 00018<br><strong>Responsable de la publication<\/strong> : Yann Hadancourt<\/p>\n\n\n\n<p>2. <strong>H\u00e9bergement<\/strong><\/p>\n\n\n\n<p>Le site est h\u00e9berg\u00e9 par :<br><strong>SAS<\/strong> <strong>OVH <\/strong><br>Adresse : 2 rue Kellermann BP80157 59100 ROUBAIX<br>Site web : https:\/\/www.ovh.com<\/p>\n\n\n\n<p>3. <strong>Propri\u00e9t\u00e9 intellectuelle<\/strong><\/p>\n\n\n\n<p>Tous les contenus pr\u00e9sents sur le site (textes, images, vid\u00e9os, BD, extraits, logos, etc.) sont la propri\u00e9t\u00e9 exclusive de Yann Hadancourt, sauf mention contraire.<br>Toute reproduction, repr\u00e9sentation, modification ou exploitation sans autorisation pr\u00e9alable est strictement interdite.<\/p>\n\n\n\n<p>4. <strong>Conditions d\u2019utilisation<\/strong><\/p>\n\n\n\n<p>L\u2019utilisation du site implique l\u2019acceptation pleine et enti\u00e8re des conditions g\u00e9n\u00e9rales de vente et de la politique de confidentialit\u00e9.<br>Le site est accessible 24h\/24, sauf interruption technique ou maintenance.<\/p>\n\n\n\n<p>5. <strong>Donn\u00e9es personnelles<\/strong><\/p>\n\n\n\n<p>Les donn\u00e9es personnelles collect\u00e9es sont trait\u00e9es conform\u00e9ment au RGPD. Pour plus d\u2019informations, consultez notre [Politique de confidentialit\u00e9].<\/p>\n\n\n\n<p>6. <strong>Cookies<\/strong><\/p>\n\n\n\n<p>Le site peut utiliser des cookies pour am\u00e9liorer l\u2019exp\u00e9rience utilisateur et mesurer l\u2019audience. L\u2019utilisateur peut g\u00e9rer ses pr\u00e9f\u00e9rences via le bandeau de consentement.<\/p>\n\n\n\n<p>7. <strong>Responsabilit\u00e9<\/strong><\/p>\n\n\n\n<p>L\u2019\u00e9diteur ne saurait \u00eatre tenu responsable des dommages directs ou indirects caus\u00e9s par l\u2019utilisation du site ou des produits vendus, notamment en cas d\u2019incompatibilit\u00e9 technique ou de mauvaise utilisation.<\/p>\n\n\n\n<p>8. <strong>Droit applicable<\/strong><\/p>\n\n\n\n<p>Le site et ses contenus sont soumis au droit fran\u00e7ais. En cas de litige, les tribunaux comp\u00e9tents seront ceux du ressort du domicile de l\u2019\u00e9diteur.<\/p>\n","protected":false},"excerpt":{"rendered":"<p>Conform\u00e9ment aux dispositions des articles 6-III et 19 de la Loi n\u00b02004-575 du 21 juin 2004 pour la Confiance dans l\u2019\u00c9conomie Num\u00e9rique (LCEN), il est port\u00e9 \u00e0 la connaissance des utilisateurs du site [Nom du site] les pr\u00e9sentes mentions l\u00e9gales. 1. \u00c9diteur du site Nom : Yann HadancourtStatut : Auteur \u2013 \u00c9diteur ind\u00e9pendantAdresse : 3&hellip;&nbsp;<a href=\"https:\/\/yann-hadancourt.fr\/index.php\/mentions-legales\/\" rel=\"bookmark\"><span class=\"screen-reader-text\">Mentions l\u00e9gales<\/span><\/a><\/p>\n","protected":false},"author":1,"featured_media":0,"parent":0,"menu_order":0,"comment_status":"closed","ping_status":"closed","template":"","meta":{"neve_meta_sidebar":"","neve_meta_container":"","neve_meta_enable_content_width":"","neve_meta_content_width":0,"neve_meta_title_alignment":"","neve_meta_author_avatar":"","neve_post_elements_order":"","neve_meta_disable_header":"","neve_meta_disable_footer":"","neve_meta_disable_title":"","footnotes":""},"class_list":["post-342","page","type-page","status-publish","hentry"],"jetpack_sharing_enabled":true,"_links":{"self":[{"href":"https:\/\/yann-hadancourt.fr\/index.php\/wp-json\/wp\/v2\/pages\/342","targetHints":{"allow":["GET"]}}],"collection":[{"href":"https:\/\/yann-hadancourt.fr\/index.php\/wp-json\/wp\/v2\/pages"}],"about":[{"href":"https:\/\/yann-hadancourt.fr\/index.php\/wp-json\/wp\/v2\/types\/page"}],"author":[{"embeddable":true,"href":"https:\/\/yann-hadancourt.fr\/index.php\/wp-json\/wp\/v2\/users\/1"}],"replies":[{"embeddable":true,"href":"https:\/\/yann-hadancourt.fr\/index.php\/wp-json\/wp\/v2\/comments?post=342"}],"version-history":[{"count":1,"href":"https:\/\/yann-hadancourt.fr\/index.php\/wp-json\/wp\/v2\/pages\/342\/revisions"}],"predecessor-version":[{"id":343,"href":"https:\/\/yann-hadancourt.fr\/index.php\/wp-json\/wp\/v2\/pages\/342\/revisions\/343"}],"wp:attachment":[{"href":"https:\/\/yann-hadancourt.fr\/index.php\/wp-json\/wp\/v2\/media?parent=342"}],"curies":[{"name":"wp","href":"https:\/\/api.w.org\/{rel}","templated":true}]}}